{"id":2924,"date":"2026-01-30T11:43:43","date_gmt":"2026-01-30T10:43:43","guid":{"rendered":"https:\/\/www.gerryweber.com\/?page_id=2924"},"modified":"2026-02-04T17:50:01","modified_gmt":"2026-02-04T16:50:01","slug":"cookies-und-datenschutzrichtlinie","status":"publish","type":"page","link":"https:\/\/www.gerryweber.com\/de\/cookies-und-datenschutzrichtlinie\/","title":{"rendered":"Cookies und Datenschutzbestimmungen"},"content":{"rendered":"<div class=\"wp-block-uagb-container uagb-block-ee71ce6c alignfull uagb-is-root-container\"><div class=\"uagb-container-inner-blocks-wrap\"><\/div><\/div>\n\n\n\n<div class=\"wp-block-uagb-advanced-heading uagb-block-be5c7687\"><h2 class=\"uagb-heading-text\">Cookies und Datenschutzbestimmungen<\/h2><\/div>\n\n\n\n<div class=\"wp-block-uagb-container uagb-block-49d3c552 alignfull uagb-is-root-container\"><div class=\"uagb-container-inner-blocks-wrap\">\n<div class=\"wp-block-uagb-container uagb-block-a5ce9795 alignfull uagb-is-root-container\"><div class=\"uagb-container-inner-blocks-wrap\">\n<h2>Datenschutzrichtlinie<\/h2>\n\n<h3>1. Verantwortlicher f\u00fcr die Datenverarbeitung<\/h3>\n<p>\nDer f\u00fcr die Verarbeitung der \u00fcber diese Website erhobenen personenbezogenen Daten Verantwortliche\n<strong>www.gerryweber.com<\/strong> ist:\n<\/p>\n\n<p>\n<strong>G\u00c9NEROS DE PUNT VICTRIX, S.L.<\/strong><br>\nSteuer-ID (NIF): B-08407322<br>\nEingetragener Sitz: C\/ Overlocaire 2-28, 08302 Matar\u00f3 (Barcelona), Spanien<br>\nTelefon: 937 416 000<br>\nE-Mail: <a href=\"mailto:empresa@generosdepuntovictrix.com\">empresa@generosdepuntovictrix.com<\/a>\n<\/p>\n\n<p>\nDas Unternehmen hat einen <strong>Datenschutzbeauftragter (DSB)<\/strong>\n<\/p>\n\n<p>\nE-Mail: <a href=\"mailto:dpd@generosdepuntovictrix.com\">dpd@generosdepuntovictrix.com<\/a><br>\nPostanschrift: Datenschutzb\u00fcro, C\/ Overlocaire 2-28, 08302 Matar\u00f3 (Barcelona), Spanien\n<\/p>\n\n<hr>\n\n<h3>2. Personenbezogene Daten, die wir verarbeiten<\/h3>\n<p>\nDiese Website dient zu Informationszwecken und erm\u00f6glicht das freiwillige Abonnement eines Newsletters, sowie das\ndie \u00dcbermittlung von Anfragen \u00fcber ein Kontaktformular.\n<\/p>\n\n<p>\nDurch die Nutzung des Systems k\u00f6nnen wir die folgenden Kategorien personenbezogener Daten verarbeiten:\n<\/p>\n\n<ul>\n  <li>\n    Identifizierungs- und Kontaktdaten, die der Nutzer freiwillig angibt, wenn er sich f\u00fcr den Newsletter anmeldet\n    oder eine Anfrage \u00fcber das Kontaktformular senden.\n  <\/li>\n  <li>Daten, die f\u00fcr die Verwaltung des Newsletter-Abonnements erforderlich sind.<\/li>\n  <li>Daten, die sich aus dem Surfen auf der Website ergeben, in \u00dcbereinstimmung mit der Cookie-Richtlinie.<\/li>\n  <li>\n    Technische Informationen wie anonymisierte IP-Adresse, Browser, Ger\u00e4t sowie Datum und Uhrzeit des Zugriffs.\n  <\/li>\n<\/ul>\n\n<p>\nEs werden keine E-Commerce-Dienste angeboten, es werden keine Verk\u00e4ufe \u00fcber die Website get\u00e4tigt und es werden keine Benutzerkonten eingerichtet.\n<\/p>\n\n<hr>\n\n<h3>3. Zwecke der Verarbeitung und Rechtsgrundlage<\/h3>\n\n<h4>a) Newsletter-Abonnement<\/h4>\n<p>\nZur Verwaltung des Abonnements des Gerry Weber Newsletters und der Zusendung von Informationsmaterial\n\u00fcber die Marke.\n<\/p>\n<p>\n<strong>Rechtsgrundlage:<\/strong> ausdr\u00fcckliche Zustimmung des Nutzers (Art. 6(1)(a) GDPR).\n<\/p>\n<p>\nDer Nutzer kann seine Zustimmung jederzeit \u00fcber den in jeder Mitteilung enthaltenen Abmeldelink widerrufen\noder durch direkte Kontaktaufnahme mit uns:\n<a href=\"mailto:customerservice@gerryweber.es\">customerservice@gerryweber.es<\/a>\n<\/p>\n\n<h4>b) Bearbeitung von Anfragen, die \u00fcber das Kontaktformular gesendet werden<\/h4>\n<p>\nVerwaltung und Beantwortung von Anfragen, Antr\u00e4gen oder Mitteilungen, die von Nutzern \u00fcber das Kontaktformular\nauf der Website.\n<\/p>\n<p>\n<strong>Rechtsgrundlage:<\/strong> berechtigten Interessen des f\u00fcr die Verarbeitung Verantwortlichen (Art. 6(1)(f) GDPR), da es sich um\nAnfragen, die der Nutzer freiwillig gestellt hat.\n<\/p>\n\n<h4>c) Technischer Betrieb und Sicherheit der Website<\/h4>\n<p>\nUm das ordnungsgem\u00e4\u00dfe Funktionieren der Website, ihre Sicherheit und die Verbesserung der Benutzerfreundlichkeit zu gew\u00e4hrleisten.\n<\/p>\n<p>\n<strong>Rechtsgrundlage:<\/strong> berechtigtes Interesse des f\u00fcr die Datenverarbeitung Verantwortlichen (Art. 6(1)(f) GDPR).\n<\/p>\n\n<h4>d) Verwaltung der Cookie-Zustimmung<\/h4>\n<p>\nVerwaltung, Aufzeichnung und Dokumentation der Zustimmung des Nutzers zur Verwendung von Cookies in \u00dcbereinstimmung mit den geltenden Vorschriften.\n<\/p>\n<p>\n<strong>Rechtsgrundlage:<\/strong> Erf\u00fcllung einer rechtlichen Verpflichtung (Art. 6(1)(c) GDPR) und Einwilligung der Nutzer (Art. 6(1)(a) GDPR).\n<\/p>\n<p>\nF\u00fcr weitere Informationen k\u00f6nnen Sie die Cookie-Richtlinie einsehen.\n<\/p>\n\n<hr>\n\n<h3>4. Vorratsspeicherung von Daten<\/h3>\n<p>\nPersonenbezogene Daten werden nur so lange aufbewahrt, wie es zur Erf\u00fcllung der Zwecke, f\u00fcr die sie erhoben wurden, erforderlich ist:\n<\/p>\n\n<ul>\n  <li>Die Daten des Newsletters werden gespeichert, solange der Nutzer ein aktives Abonnement unterh\u00e4lt.<\/li>\n  <li>\n    Die \u00fcber das Kontaktformular \u00fcbermittelten Daten werden so lange gespeichert, wie es f\u00fcr die Bearbeitung der Anfrage und gegebenenfalls f\u00fcr Folgema\u00dfnahmen erforderlich ist,\n    und gegebenenfalls zur Weiterverfolgung der Anfrage.\n  <\/li>\n  <li>Technische Daten und Cookie-Daten werden gem\u00e4\u00df den in der Cookie-Richtlinie angegebenen Fristen aufbewahrt.<\/li>\n<\/ul>\n\n<p>\nNach Ablauf der entsprechenden Fristen werden die Daten sicher gel\u00f6scht.\n<\/p>\n\n<hr>\n\n<h3>5. Datenempf\u00e4nger<\/h3>\n<p>\nPersonenbezogene Daten werden nicht an Dritte weitergegeben, es sei denn, dies geschieht in Erf\u00fcllung gesetzlicher Verpflichtungen oder\nwenn dies f\u00fcr die Erbringung von Dienstleistungen durch Lieferanten, die als Datenverarbeiter t\u00e4tig sind, erforderlich ist.\n<\/p>\n\n<p>\nZu diesen Anbietern geh\u00f6rt insbesondere,\n<strong>CookieFirst (Digital Data Solutions BV)<\/strong>, als Plattform f\u00fcr die Verwaltung der Cookie-Zustimmung.\n<\/p>\n\n<p>\nUnter keinen Umst\u00e4nden werden personenbezogene Daten verkauft oder f\u00fcr andere als die hier beschriebenen kommerziellen Zwecke verwendet.\nals in dieser Richtlinie beschrieben.\n<\/p>\n\n<hr>\n\n<h3>6. Internationale Daten\u00fcbermittlung<\/h3>\n<p>\nWenn Dienstleister au\u00dferhalb des Europ\u00e4ischen Wirtschaftsraums ans\u00e4ssig sind, werden internationale Daten\u00fcbermittlungen\nin \u00dcbereinstimmung mit den geltenden Vorschriften, durch Angemessenheitsbeschl\u00fcsse oder die\nAusf\u00fchrung von Standardvertragsklauseln, die von der Europ\u00e4ischen Kommission genehmigt wurden.\n<\/p>\n\n<hr>\n\n<h3>7. Sicherheitsma\u00dfnahmen<\/h3>\n<p>\nG\u00c9NEROS DE PUNT VICTRIX, S.L. hat die erforderlichen technischen und organisatorischen Ma\u00dfnahmen getroffen, um Folgendes zu gew\u00e4hrleisten\nSicherheit, Integrit\u00e4t und Vertraulichkeit der personenbezogenen Daten zu gew\u00e4hrleisten und deren Verlust, Ver\u00e4nderung oder\nunbefugten Zugriff zu verhindern.\n<\/p>\n\n<hr>\n\n<h3>8. Rechte der Nutzer<\/h3>\n<p>\nSie k\u00f6nnen die folgenden Rechte jederzeit aus\u00fcben:\n<\/p>\n\n<ul>\n  <li>Zugang<\/li>\n  <li>Richtigstellung<\/li>\n  <li>L\u00f6schen<\/li>\n  <li>Einschr\u00e4nkung der Verarbeitung<\/li>\n  <li>\u00dcbertragbarkeit von Daten<\/li>\n  <li>Einspruch<\/li>\n  <li>Nicht Gegenstand einer automatisierten Entscheidungsfindung zu sein<\/li>\n<\/ul>\n\n<p>\nUm diese Rechte auszu\u00fcben, k\u00f6nnen Sie sich an den Kundendienst unter der folgenden E-Mail-Adresse wenden\n<a href=\"mailto:customerservice@gerryweber.es\">customerservice@gerryweber.es<\/a>\n<\/p>\n\n<hr>\n\n<h3>9. Recht auf Einreichung einer Beschwerde<\/h3>\n<p>\nWenn Sie der Ansicht sind, dass die Verarbeitung Ihrer personenbezogenen Daten gegen geltende Vorschriften verst\u00f6\u00dft, haben Sie\ndas Recht, eine Beschwerde bei der\n<strong>Spanische Datenschutzbeh\u00f6rde (AEPD)<\/strong>, \u00fcber seine Website\n<a href=\"https:\/\/www.agpd.es\" target=\"_blank\" rel=\"noopener noreferrer\">www.agpd.es<\/a>\n<\/p>\n\n<hr>\n\n<h3>10. Beziehung zur Cookie-Richtlinie<\/h3>\n<p>\nDiese Website verwendet eigene Cookies und Cookies von Dritten.\nAusf\u00fchrliche Informationen \u00fcber ihre Verwendung, ihren Zweck und ihre Konfiguration k\u00f6nnen Sie in der Cookie-Richtlinie nachlesen.\n<\/p>\n<\/div><\/div>\n\n\n\n<div class=\"wp-block-uagb-container uagb-block-6f6fd653\">\n<h2>Cookies-Politik<\/h2>\n\n\n\n\n\n\n\n\n\n\n\n<div id=\"cookiefirst-policy-page\"><\/div>\n<div>Diese Cookie-Richtlinie wurde erstellt und aktualisiert von der Firma <a href=\"https:\/\/cookiefirst.com\/de\/cookie-consent\/\" target=\"_blank\" rel=\"noopener\">Werkzeug zur Cookie-Zustimmung - CookieFirst<\/a>.<\/div>\n\n\n\n<h2>Einwilligung in die Nutzung von Cookies.<\/h2>\n<p>Damit unsere Webseite ordnungsgem\u00e4\u00df funktioniert, verwenden wir Cookies. Um Ihre g\u00fcltige Zustimmung zur Verwendung und Speicherung von Cookies in dem Browser, den Sie f\u00fcr den Zugriff auf unsere Webseite verwenden, zu erhalten und dies ordnungsgem\u00e4\u00df zu dokumentieren, verwenden wir eine Zustimmungsmanagement-Plattform: CookieFirst. Diese Technologie wird von Digital Data Solutions BV, Plantage Middenlaan 42a, 1018 DH, Amsterdam, Niederlande, bereitgestellt. Webseite: <a href=\"https:\/\/cookiefirst.com\" title=\"Cookiefirst-Seite\" target=\"_blank\" rel=\"noopener\">https:\/\/cookiefirst.com<\/a> bezeichnet als CookieFirst.<\/p>\n<p>Wenn Sie auf unsere Webseite zugreifen, wird eine Verbindung mit dem Server von CookieFirsthergestellt, um uns die M\u00f6glichkeit zu geben, von Ihnen eine g\u00fcltige Zustimmung zur Nutzung bestimmter Cookies zu erhalten. CookieFirst speichert dann einen Cookie in Ihrem Browser, um nur die Cookies aktivieren zu k\u00f6nnen, in die Sie eingewilligt haben, und um dies ordnungsgem\u00e4\u00df zu dokumentieren. Die verarbeiteten Daten werden so lange gespeichert, bis die vorgegebene Speicherfrist abl\u00e4uft oder Sie die L\u00f6schung der Daten verlangen. Abweichend hiervon k\u00f6nnen bestimmte gesetzliche Aufbewahrungsfristen gelten.<\/p>\n<p>CookieFirst dient der Einholung der gesetzlich vorgeschriebenen Einwilligung zur Nutzung von Cookies. Rechtsgrundlage hierf\u00fcr ist Artikel 6 Absatz 1 Buchstabe c der Datenschutzgrundverordnung (DSGVO).<\/p>\n<h2>Datenverarbeitungsvertrag<\/h2>\n<p>Wir haben mit CookieFirst einen Vertrag zur Datenverarbeitung abgeschlossen. Dabei handelt es sich um einen datenschutzrechtlich erforderlichen Vertrag, der sicherstellt, dass die Daten unserer Webseiten-Besucher nur nach unseren Weisungen und in \u00dcbereinstimmung mit der DSGVO verarbeitet werden.<\/p>\n<h2>Server-Protokolldateien<\/h2>\n<p>Unsere Webseite und CookieFirst erheben und speichern automatisch Informationen in so genannten Server Log Files, die Ihr Browser automatisch an uns \u00fcbermittelt. Folgende Daten werden erhoben:<\/p>\n<ul>\n<li>Ihr Einwilligungsstatus bzw. der Widerruf Ihrer Einwilligung<\/li>\n<li>Ihre anonymisierte IP-Adresse<\/li>\n<li>Informationen \u00fcber Ihren Browser<\/li>\n<li>Informationen \u00fcber Ihr Ger\u00e4t<\/li>\n<li>Das Datum und die Uhrzeit Ihres Besuchs auf unserer Webseite<\/li>\n<li>Die URL der Webseite, auf der Sie Ihre Einwilligungseinstellungen gespeichert oder aktualisiert haben<\/li>\n<li>Der ungef\u00e4hre Standort des Nutzers, der seine Einwilligungspr\u00e4ferenzen gespeichert hat<\/li>\n<li>Ein universell eindeutiger Bezeichner (UUID) des Webseiten-Besuchers, der das Banner Cookie angeklickt hat<\/li>\n<\/ul>\n<\/div>\n<\/div><\/div>","protected":false},"excerpt":{"rendered":"<p>Cookies und Datenschutzbestimmungen Datenschutzbestimmungen 1. Verantwortlicher f\u00fcr die Datenverarbeitung Der Verantwortliche f\u00fcr die Verarbeitung der gesammelten personenbezogenen Daten [...]<\/p>","protected":false},"author":2,"featured_media":0,"parent":0,"menu_order":0,"comment_status":"closed","ping_status":"closed","template":"","meta":{"_acf_changed":false,"_uag_custom_page_level_css":"","site-sidebar-layout":"default","site-content-layout":"","ast-site-content-layout":"default","site-content-style":"default","site-sidebar-style":"default","ast-global-header-display":"","ast-banner-title-visibility":"","ast-main-header-display":"","ast-hfb-above-header-display":"","ast-hfb-below-header-display":"","ast-hfb-mobile-header-display":"","site-post-title":"disabled","ast-breadcrumbs-content":"","ast-featured-img":"","footer-sml-layout":"","ast-disable-related-posts":"","theme-transparent-header-meta":"","adv-header-id-meta":"","stick-header-meta":"","header-above-stick-meta":"","header-main-stick-meta":"","header-below-stick-meta":"","astra-migrate-meta-layouts":"default","ast-page-background-enabled":"default","ast-page-background-meta":{"desktop":{"background-color":"var(--ast-global-color-5)","background-image":"","background-repeat":"repeat","background-position":"center center","background-size":"auto","background-attachment":"scroll","background-type":"","background-media":"","overlay-type":"","overlay-color":"","overlay-opacity":"","overlay-gradient":""},"tablet":{"background-color":"","background-image":"","background-repeat":"repeat","background-position":"center center","background-size":"auto","background-attachment":"scroll","background-type":"","background-media":"","overlay-type":"","overlay-color":"","overlay-opacity":"","overlay-gradient":""},"mobile":{"background-color":"","background-image":"","background-repeat":"repeat","background-position":"center center","background-size":"auto","background-attachment":"scroll","background-type":"","background-media":"","overlay-type":"","overlay-color":"","overlay-opacity":"","overlay-gradient":""}},"ast-content-background-meta":{"desktop":{"background-color":"var(--ast-global-color-4)","background-image":"","background-repeat":"repeat","background-position":"center center","background-size":"auto","background-attachment":"scroll","background-type":"","background-media":"","overlay-type":"","overlay-color":"","overlay-opacity":"","overlay-gradient":""},"tablet":{"background-color":"var(--ast-global-color-4)","background-image":"","background-repeat":"repeat","background-position":"center center","background-size":"auto","background-attachment":"scroll","background-type":"","background-media":"","overlay-type":"","overlay-color":"","overlay-opacity":"","overlay-gradient":""},"mobile":{"background-color":"var(--ast-global-color-4)","background-image":"","background-repeat":"repeat","background-position":"center center","background-size":"auto","background-attachment":"scroll","background-type":"","background-media":"","overlay-type":"","overlay-color":"","overlay-opacity":"","overlay-gradient":""}},"footnotes":""},"class_list":["post-2924","page","type-page","status-publish","hentry"],"acf":[],"uagb_featured_image_src":{"full":false,"thumbnail":false,"medium":false,"medium_large":false,"large":false,"1536x1536":false,"2048x2048":false,"trp-custom-language-flag":false,"mailpoet_newsletter_max":false},"uagb_author_info":{"display_name":"clopez","author_link":"https:\/\/www.gerryweber.com\/de\/author\/clopez\/"},"uagb_comment_info":0,"uagb_excerpt":"Cookies and Privacy Policy Privacy Policy 1. Data Controller The data controller responsible for the processing of personal data collected [&hellip;]","_links":{"self":[{"href":"https:\/\/www.gerryweber.com\/de\/wp-json\/wp\/v2\/pages\/2924","targetHints":{"allow":["GET"]}}],"collection":[{"href":"https:\/\/www.gerryweber.com\/de\/wp-json\/wp\/v2\/pages"}],"about":[{"href":"https:\/\/www.gerryweber.com\/de\/wp-json\/wp\/v2\/types\/page"}],"author":[{"embeddable":true,"href":"https:\/\/www.gerryweber.com\/de\/wp-json\/wp\/v2\/users\/2"}],"replies":[{"embeddable":true,"href":"https:\/\/www.gerryweber.com\/de\/wp-json\/wp\/v2\/comments?post=2924"}],"version-history":[{"count":30,"href":"https:\/\/www.gerryweber.com\/de\/wp-json\/wp\/v2\/pages\/2924\/revisions"}],"predecessor-version":[{"id":3247,"href":"https:\/\/www.gerryweber.com\/de\/wp-json\/wp\/v2\/pages\/2924\/revisions\/3247"}],"wp:attachment":[{"href":"https:\/\/www.gerryweber.com\/de\/wp-json\/wp\/v2\/media?parent=2924"}],"curies":[{"name":"wp","href":"https:\/\/api.w.org\/{rel}","templated":true}]}}