{"id":3,"date":"2025-09-01T08:26:05","date_gmt":"2025-09-01T08:26:05","guid":{"rendered":"https:\/\/www.gerryweber.com\/?page_id=3"},"modified":"2026-02-04T09:46:36","modified_gmt":"2026-02-04T08:46:36","slug":"legal","status":"publish","type":"page","link":"https:\/\/www.gerryweber.com\/es\/legal\/","title":{"rendered":"Legal"},"content":{"rendered":"<div class=\"wp-block-uagb-container legal uagb-block-96f39b71 alignfull uagb-is-root-container\"><div class=\"uagb-container-inner-blocks-wrap\">\n<div class=\"wp-block-uagb-advanced-heading uagb-block-17e0d499\"><h1 class=\"uagb-heading-text\">LEGAL<\/h1><\/div>\n\n\n\n<div class=\"wp-block-uagb-advanced-heading uagb-block-2b89f2b8\"><h6 class=\"uagb-heading-text\">Titular del sitio web:&nbsp;<br>GRUPO VICTRIX (G\u00c9NEROS DE PUNT VICTRIX S.L.)&nbsp;<br>Domicilio: Overlocaire, 2-28. 08302 Matar\u00f3 (Barcelona) SPAIN&nbsp;<br>CIF: B08407322&nbsp;<\/h6><\/div>\n\n\n\n<div class=\"wp-block-uagb-advanced-heading uagb-block-4eb87293\"><p class=\"uagb-heading-text\">El presente portal web y todo su contenido, incluidos textos, im\u00e1genes y servicios informativos, pertenece a GRUPO VICTRIX (G\u00c9NEROS DE PUNT VICTRIX S.L.). Esta web tiene car\u00e1cter informativo, y no permite la venta online de productos.<\/p><\/div>\n\n\n\n<div class=\"wp-block-uagb-advanced-heading uagb-block-b998bc1a\"><h2 class=\"uagb-heading-text\">1. PROP\u00d3SITO&nbsp;<\/h2><\/div>\n\n\n\n<div class=\"wp-block-uagb-advanced-heading uagb-block-86b7fde0\"><p class=\"uagb-heading-text\">GRUPO VICTRIX (en adelante, \u201cel prestador\u201d), como responsable del sitio web, pone a disposici\u00f3n de los usuarios el presente documento que regula el uso del sitio web <a>www.gerryweber.com<\/a>con el objetivo de dar cumplimiento a la Ley 34\/2002, de Servicios de la Sociedad de la Informaci\u00f3n y del Comercio Electr\u00f3nico (LSSICE o LSSI), e informar a los usuarios sobre las condiciones de uso de esta web.<\/p><\/div>\n\n\n\n<div class=\"wp-block-uagb-advanced-heading uagb-block-53eb93fe\"><p class=\"uagb-heading-text\">Toda persona que acceda a esta web asume el papel de usuario, aceptando sin reservas todas las disposiciones incluidas en este aviso legal. La web puede sufrir modificaciones, siendo suficiente la publicaci\u00f3n en el propio sitio para informar de cambios.<\/p><\/div>\n\n\n\n<div class=\"wp-block-uagb-advanced-heading uagb-block-6756f96b\"><h2 class=\"uagb-heading-text\">2. CONDICIONES DE ACCESO Y USO&nbsp;<\/h2><\/div>\n\n\n\n<div class=\"wp-block-uagb-advanced-heading uagb-block-d268cb8a\"><h3 class=\"uagb-heading-text\">2.1 Car\u00e1cter gratuito&nbsp;<\/h3><\/div>\n\n\n\n<div class=\"wp-block-uagb-advanced-heading uagb-block-d65e94cf\"><p class=\"uagb-heading-text\">El acceso y uso de esta web es gratuito y est\u00e1 destinado exclusivamente a fines informativos sobre la marca Gerry Weber.<\/p><\/div>\n\n\n\n<div class=\"wp-block-uagb-advanced-heading uagb-block-02942653\"><h3 class=\"uagb-heading-text\">2.2 Registro de usuario&nbsp;<\/h3><\/div>\n\n\n\n<div class=\"wp-block-uagb-advanced-heading uagb-block-26bcbea7\"><p class=\"uagb-heading-text\">El registro es opcional y \u00fanicamente permite recibir newsletters y comunicaciones informativas. Los datos recabados (correo electr\u00f3nico y pa\u00eds) son propiedad de GRUPO VICTRIX y se usan exclusivamente para estos fines.<\/p><\/div>\n\n\n\n<div class=\"wp-block-uagb-advanced-heading uagb-block-1b77a340\"><h3 class=\"uagb-heading-text\">2.3 Veracidad de la informaci\u00f3n&nbsp;<\/h3><\/div>\n\n\n\n<div class=\"wp-block-uagb-advanced-heading uagb-block-dbe8ffb0\"><p class=\"uagb-heading-text\">El usuario garantiza que los datos facilitados son veraces y se compromete a mantenerlos actualizados. El prestador no se hace responsable de los da\u00f1os ocasionados por informaci\u00f3n incorrecta.<\/p><\/div>\n\n\n\n<div class=\"wp-block-uagb-advanced-heading uagb-block-89479f33\"><h3 class=\"uagb-heading-text\">2.4 Menores de edad&nbsp;<\/h3><\/div>\n\n\n\n<div class=\"wp-block-uagb-advanced-heading uagb-block-e3ff9152\"><p class=\"uagb-heading-text\">El registro y uso de esta web por menores requiere consentimiento previo de padres o tutores, responsables de los actos realizados por los menores.<\/p><\/div>\n\n\n\n<div class=\"wp-block-uagb-advanced-heading uagb-block-088c85ee\"><h3 class=\"uagb-heading-text\">2.5 Uso correcto de la web&nbsp;<\/h3><\/div>\n\n\n\n<div class=\"wp-block-uagb-advanced-heading uagb-block-283891f3\"><p class=\"uagb-heading-text\">El usuario se compromete a utilizar la web de conformidad con la ley y este aviso legal, absteni\u00e9ndose de fines il\u00edcitos, lesivos para terceros o que da\u00f1en la web o sus contenidos.<\/p><\/div>\n\n\n\n<div class=\"wp-block-uagb-advanced-heading uagb-block-b6b5dc47\"><h2 class=\"uagb-heading-text\">3. EXCLUSI\u00d3N DE GARANT\u00cdAS Y RESPONSABILIDAD&nbsp;<\/h2><\/div>\n\n\n\n<div class=\"wp-block-uagb-advanced-heading uagb-block-6b7e6782\"><p class=\"uagb-heading-text\">GRUPO VICTRIX no se responsabiliza de da\u00f1os derivados del uso indebido de esta web o de la informaci\u00f3n publicada, ni de la falta de disponibilidad del sitio por causas t\u00e9cnicas o de fuerza mayor.<\/p><\/div>\n\n\n\n<div class=\"wp-block-uagb-advanced-heading uagb-block-10859fa6\"><p class=\"uagb-heading-text\">El prestador no garantiza la ausencia de virus o elementos que puedan da\u00f1ar dispositivos de los usuarios, ni se hace responsable de la informaci\u00f3n publicada por terceros a trav\u00e9s de enlaces o redes sociales externas.<\/p><\/div>\n\n\n\n<div class=\"wp-block-uagb-advanced-heading uagb-block-e7ed6bd9\"><h2 class=\"uagb-heading-text\">4. COOKIES&nbsp;<\/h2><\/div>\n\n\n\n<div class=\"wp-block-uagb-advanced-heading uagb-block-156c2bc4\"><p class=\"uagb-heading-text\">Esta web puede usar cookies para mejorar la navegaci\u00f3n.<\/p><\/div>\n\n\n\n<ul class=\"wp-block-list\">\n<li>Las cookies necesarias: son aquellas imprescindibles para una buena funcionalidad de nuestro sitio web.<\/li>\n<\/ul>\n\n\n\n<ul class=\"wp-block-list\">\n<li>Las cookies de rendimiento: son aquellas que proporcionan informaci\u00f3n estad\u00edstica sobre nuestro sitio web; se utilizan para medir y mejorar el rendimiento.<\/li>\n<\/ul>\n\n\n\n<ul class=\"wp-block-list\">\n<li>Las cookies funcionales: Son aquellas que mejoran la funcionalidad y permitir la personalizaci\u00f3n, como chats en vivo, videos y el uso de las redes sociales.<\/li>\n<\/ul>\n\n\n\n<ul class=\"wp-block-list\">\n<li>Las cookies publicitarias: son aquellas que recopilan datos con el fin de personalizar la publicidad y medir la eficiencia de las campa\u00f1as publicitarias.<\/li>\n<\/ul>\n\n\n\n<div class=\"wp-block-uagb-advanced-heading uagb-block-89c1affc\"><p class=\"uagb-heading-text\">No se utilizan cookies para recoger informaci\u00f3n personal sin consentimiento. Puede configurar su navegador para rechazar cookies, aunque esto puede afectar la navegaci\u00f3n.<\/p><\/div>\n\n\n\n<div class=\"wp-block-uagb-advanced-heading uagb-block-1384bc4e\"><h2 class=\"uagb-heading-text\">5. ENLACES&nbsp;<\/h2><\/div>\n\n\n\n<div class=\"wp-block-uagb-advanced-heading uagb-block-b25a60ae\"><p class=\"uagb-heading-text\">El sitio web puede contener enlaces a p\u00e1ginas de terceros. GRUPO VICTRIX no se responsabiliza de los contenidos de terceros, aunque retirar\u00e1 enlaces que incumplan la ley, la moral o el orden p\u00fablico cuando sea notificado.<\/p><\/div>\n\n\n\n<div class=\"wp-block-uagb-advanced-heading uagb-block-3c725b0e\"><h2 class=\"uagb-heading-text\">6. PROTECCI\u00d3N DE DATOS PERSONALES&nbsp;<\/h2><\/div>\n\n\n\n<div class=\"wp-block-uagb-advanced-heading uagb-block-792a62d0\"><p class=\"uagb-heading-text\">GRUPO VICTRIX (G\u00e9neros de Punto Victrix, SL) garantiza el cumplimiento del Reglamento Europeo de Protecci\u00f3n de Datos (RGPD) y la normativa espa\u00f1ola vigente. Para m\u00e1s informaci\u00f3n, consulte nuestra Pol\u00edtica de Privacidad.<\/p><\/div>\n\n\n\n<div class=\"wp-block-uagb-advanced-heading uagb-block-cfa84d85\"><h2 class=\"uagb-heading-text\">7. PROPIEDAD INTELECTUAL E INDUSTRIAL&nbsp;<\/h2><\/div>\n\n\n\n<div class=\"wp-block-uagb-advanced-heading uagb-block-07309065\"><p class=\"uagb-heading-text\">Todos los contenidos de esta web (programaci\u00f3n, textos, im\u00e1genes, logotipos, dise\u00f1os) son propiedad de GRUPO VICTRIX (G\u00e9neros de Punto Victrix, SL) o de sus titulares con licencia expresa. Su reproducci\u00f3n, distribuci\u00f3n o comunicaci\u00f3n p\u00fablica requiere autorizaci\u00f3n escrita previa<\/p><\/div>\n\n\n\n<div class=\"wp-block-uagb-advanced-heading uagb-block-328597de\"><p class=\"uagb-heading-text\">Los contenidos de terceros, en caso de aparecer, son responsabilidad de sus titulares. La presencia de dichos contenidos no implica respaldo ni patrocinio por parte de GRUPO VICTRIX.<\/p><\/div>\n\n\n\n<div class=\"wp-block-uagb-advanced-heading uagb-block-e1d3168d\"><h2 class=\"uagb-heading-text\">8. LEY APLICABLE Y JURISDICCI\u00d3N&nbsp;<\/h2><\/div>\n\n\n\n<div class=\"wp-block-uagb-advanced-heading uagb-block-4f36b4a1\"><p class=\"uagb-heading-text\">Este aviso legal se rige por la legislaci\u00f3n espa\u00f1ola. En caso de controversia, ser\u00e1n competentes los tribunales correspondientes al lugar de residencia del usuario.<\/p><\/div>\n\n\n\n<div class=\"wp-block-uagb-advanced-heading uagb-block-659de58e\"><p class=\"uagb-heading-text\">Para reclamaciones, puede escribir a: <a>customerservice@gerryweber.es<\/a><\/p><\/div>\n<\/div><\/div>\n\n\n\n<p><\/p>","protected":false},"excerpt":{"rendered":"<p>LEGAL Titular de la web: GRUPO VICTRIX (G\u00c9NEROS DE PUNT VICTRIX S.L.) Domicilio social: Overlocaire, 2-28. 08302 Matar\u00f3 (Barcelona), ESPA\u00d1A NIF: B08407322 Este sitio web y todo su contenido, [...]<\/p>","protected":false},"author":1,"featured_media":0,"parent":0,"menu_order":0,"comment_status":"closed","ping_status":"open","template":"","meta":{"_acf_changed":false,"_uag_custom_page_level_css":"","site-sidebar-layout":"default","site-content-layout":"","ast-site-content-layout":"default","site-content-style":"default","site-sidebar-style":"default","ast-global-header-display":"","ast-banner-title-visibility":"","ast-main-header-display":"","ast-hfb-above-header-display":"","ast-hfb-below-header-display":"","ast-hfb-mobile-header-display":"","site-post-title":"disabled","ast-breadcrumbs-content":"","ast-featured-img":"","footer-sml-layout":"","ast-disable-related-posts":"","theme-transparent-header-meta":"","adv-header-id-meta":"","stick-header-meta":"","header-above-stick-meta":"","header-main-stick-meta":"","header-below-stick-meta":"","astra-migrate-meta-layouts":"default","ast-page-background-enabled":"default","ast-page-background-meta":{"desktop":{"background-color":"var(--ast-global-color-5)","background-image":"","background-repeat":"repeat","background-position":"center center","background-size":"auto","background-attachment":"scroll","background-type":"","background-media":"","overlay-type":"","overlay-color":"","overlay-opacity":"","overlay-gradient":""},"tablet":{"background-color":"","background-image":"","background-repeat":"repeat","background-position":"center center","background-size":"auto","background-attachment":"scroll","background-type":"","background-media":"","overlay-type":"","overlay-color":"","overlay-opacity":"","overlay-gradient":""},"mobile":{"background-color":"","background-image":"","background-repeat":"repeat","background-position":"center center","background-size":"auto","background-attachment":"scroll","background-type":"","background-media":"","overlay-type":"","overlay-color":"","overlay-opacity":"","overlay-gradient":""}},"ast-content-background-meta":{"desktop":{"background-color":"var(--ast-global-color-4)","background-image":"","background-repeat":"repeat","background-position":"center center","background-size":"auto","background-attachment":"scroll","background-type":"","background-media":"","overlay-type":"","overlay-color":"","overlay-opacity":"","overlay-gradient":""},"tablet":{"background-color":"var(--ast-global-color-4)","background-image":"","background-repeat":"repeat","background-position":"center center","background-size":"auto","background-attachment":"scroll","background-type":"","background-media":"","overlay-type":"","overlay-color":"","overlay-opacity":"","overlay-gradient":""},"mobile":{"background-color":"var(--ast-global-color-4)","background-image":"","background-repeat":"repeat","background-position":"center center","background-size":"auto","background-attachment":"scroll","background-type":"","background-media":"","overlay-type":"","overlay-color":"","overlay-opacity":"","overlay-gradient":""}},"footnotes":""},"class_list":["post-3","page","type-page","status-publish","hentry"],"acf":[],"uagb_featured_image_src":{"full":false,"thumbnail":false,"medium":false,"medium_large":false,"large":false,"1536x1536":false,"2048x2048":false,"trp-custom-language-flag":false,"mailpoet_newsletter_max":false},"uagb_author_info":{"display_name":"user","author_link":"https:\/\/www.gerryweber.com\/es\/author\/user\/"},"uagb_comment_info":0,"uagb_excerpt":"LEGAL Website&nbsp;owner:&nbsp;GRUPO VICTRIX (G\u00c9NEROS DE PUNT VICTRIX S.L.)&nbsp;Registered&nbsp;address:&nbsp;Overlocaire, 2-28. 08302 Matar\u00f3 (Barcelona), SPAIN&nbsp;Tax&nbsp;ID: B08407322&nbsp; This website and all its content, [&hellip;]","_links":{"self":[{"href":"https:\/\/www.gerryweber.com\/es\/wp-json\/wp\/v2\/pages\/3","targetHints":{"allow":["GET"]}}],"collection":[{"href":"https:\/\/www.gerryweber.com\/es\/wp-json\/wp\/v2\/pages"}],"about":[{"href":"https:\/\/www.gerryweber.com\/es\/wp-json\/wp\/v2\/types\/page"}],"author":[{"embeddable":true,"href":"https:\/\/www.gerryweber.com\/es\/wp-json\/wp\/v2\/users\/1"}],"replies":[{"embeddable":true,"href":"https:\/\/www.gerryweber.com\/es\/wp-json\/wp\/v2\/comments?post=3"}],"version-history":[{"count":21,"href":"https:\/\/www.gerryweber.com\/es\/wp-json\/wp\/v2\/pages\/3\/revisions"}],"predecessor-version":[{"id":2988,"href":"https:\/\/www.gerryweber.com\/es\/wp-json\/wp\/v2\/pages\/3\/revisions\/2988"}],"wp:attachment":[{"href":"https:\/\/www.gerryweber.com\/es\/wp-json\/wp\/v2\/media?parent=3"}],"curies":[{"name":"wp","href":"https:\/\/api.w.org\/{rel}","templated":true}]}}